{"id":10153,"date":"2023-05-12T11:41:16","date_gmt":"2023-05-12T11:41:16","guid":{"rendered":"https:\/\/setlist.ch\/allgemeine-geschaeftsbedingungen\/"},"modified":"2024-09-18T14:51:01","modified_gmt":"2024-09-18T14:51:01","slug":"allgemeine-geschaeftsbedingungen","status":"publish","type":"page","link":"https:\/\/setlist.ch\/de\/allgemeine-geschaeftsbedingungen\/","title":{"rendered":"Allgemeine Gesch\u00e4ftsbedingungen"},"content":{"rendered":"\t\t<div data-elementor-type=\"wp-page\" data-elementor-id=\"10153\" class=\"elementor elementor-10153 elementor-1454\" data-elementor-post-type=\"page\">\n\t\t\t\t\t\t<section class=\"elementor-section elementor-top-section elementor-element elementor-element-5e97f6d elementor-section-boxed elementor-section-height-default elementor-section-height-default\" data-id=\"5e97f6d\" data-element_type=\"section\" data-e-type=\"section\">\n\t\t\t\t\t\t<div class=\"elementor-container elementor-column-gap-no\">\n\t\t\t\t\t<div class=\"elementor-column elementor-col-100 elementor-top-column elementor-element elementor-element-41d4428\" data-id=\"41d4428\" data-element_type=\"column\" data-e-type=\"column\">\n\t\t\t<div class=\"elementor-widget-wrap elementor-element-populated\">\n\t\t\t\t\t\t<div class=\"elementor-element elementor-element-7998210 elementor-invisible elementor-widget elementor-widget-heading\" data-id=\"7998210\" data-element_type=\"widget\" data-e-type=\"widget\" data-settings=\"{&quot;_animation&quot;:&quot;fadeIn&quot;,&quot;_animation_tablet&quot;:&quot;none&quot;,&quot;_animation_delay&quot;:300}\" data-widget_type=\"heading.default\">\n\t\t\t\t<div class=\"elementor-widget-container\">\n\t\t\t\t\t<h2 class=\"elementor-heading-title elementor-size-default\">Allgemeine Gesch\u00e4ftsbedingungen<span style=\"color: var( --e-global-color-vamtam_accent_6 );font-family: var( --e-global-typography-vamtam_h1-font-family ), Sans-serif;font-size: var( --e-global-typography-vamtam_h1-font-size );font-style: var( --e-global-typography-vamtam_h1-font-style );font-weight: var( --e-global-typography-vamtam_h1-font-weight );letter-spacing: var( --e-global-typography-vamtam_h1-letter-spacing );text-transform: var( --e-global-typography-vamtam_h1-text-transform )\"><\/span><\/h2>\t\t\t\t<\/div>\n\t\t\t\t<\/div>\n\t\t\t\t<div class=\"elementor-element elementor-element-5b2ce1c elementor-widget__width-initial elementor-widget-mobile__width-inherit elementor-widget-tablet__width-inherit elementor-widget elementor-widget-text-editor\" data-id=\"5b2ce1c\" data-element_type=\"widget\" data-e-type=\"widget\" data-widget_type=\"text-editor.default\">\n\t\t\t\t<div class=\"elementor-widget-container\">\n\t\t\t\t\t\t\t\t\t<p>Zuletzt aktualisiert: 11.09.2024<\/p>\n\t\t\t\t\t\t\t\t<\/div>\n\t\t\t\t<\/div>\n\t\t\t\t\t<\/div>\n\t\t<\/div>\n\t\t\t\t\t<\/div>\n\t\t<\/section>\n\t\t\t\t<section class=\"elementor-section elementor-top-section elementor-element elementor-element-25329c8 elementor-section-boxed elementor-section-height-default elementor-section-height-default\" data-id=\"25329c8\" data-element_type=\"section\" data-e-type=\"section\">\n\t\t\t\t\t\t<div class=\"elementor-container elementor-column-gap-no\">\n\t\t\t\t\t<div class=\"elementor-column elementor-col-100 elementor-top-column elementor-element elementor-element-2e6d164\" data-id=\"2e6d164\" data-element_type=\"column\" data-e-type=\"column\">\n\t\t\t<div class=\"elementor-widget-wrap elementor-element-populated\">\n\t\t\t\t\t\t<div class=\"elementor-element elementor-element-275b00b elementor-widget elementor-widget-text-editor\" data-id=\"275b00b\" data-element_type=\"widget\" data-e-type=\"widget\" data-widget_type=\"text-editor.default\">\n\t\t\t\t<div class=\"elementor-widget-container\">\n\t\t\t\t\t\t\t\t\t<p>Willkommen bei Setlist.ch. Durch die Nutzung unserer Webanwendung (die &#8222;App&#8220;), die unter https:\/\/app.setlist.ch\/ verf\u00fcgbar ist, erkl\u00e4ren Sie sich damit einverstanden, die folgenden Allgemeinen Gesch\u00e4ftsbedingungen (die &#8222;Bedingungen&#8220;) einzuhalten und an diese gebunden zu sein. Bitte lesen Sie diese Bedingungen sorgf\u00e4ltig durch, bevor Sie die App nutzen. Wenn Sie diesen Bedingungen nicht zustimmen, d\u00fcrfen Sie die App nicht nutzen.<\/p>\n<h4>1. Annahme der Bedingungen<\/h4>\n<p>Durch den Zugriff auf die App oder deren Nutzung erkl\u00e4ren Sie sich damit einverstanden, an diese Bedingungen und unsere Datenschutzrichtlinie, die durch Verweis einbezogen ist, gebunden zu sein. Wenn Sie mit diesen Bedingungen oder unserer Datenschutzrichtlinie nicht einverstanden sind, m\u00fcssen Sie die Nutzung der App sofort einstellen.<\/p>\n<h4>2. \u00c4nderungen der Bedingungen<\/h4>\n<p>Wir behalten uns das Recht vor, diese Bedingungen jederzeit zu \u00e4ndern. \u00c4nderungen treten in Kraft, wenn sie in der App oder auf unserer offiziellen Website ver\u00f6ffentlicht werden. Ihre fortgesetzte Nutzung der App nach der Ver\u00f6ffentlichung von \u00c4nderungen stellt Ihre Zustimmung zu diesen \u00c4nderungen dar.<\/p>\n<h4>3. Nutzung der App<\/h4>\n<p>Sie erkl\u00e4ren sich damit einverstanden, die App nur f\u00fcr rechtm\u00e4\u00dfige Zwecke und in \u00dcbereinstimmung mit diesen Bedingungen zu nutzen. Sie erkl\u00e4ren sich damit einverstanden, die App nicht zu verwenden:<br \/>\nIn einer Weise, die gegen geltende lokale, nationale oder internationale Gesetze oder Vorschriften verst\u00f6\u00dft.<br \/>\nZum Zweck der Ausbeutung, Sch\u00e4digung oder des Versuchs der Ausbeutung oder Sch\u00e4digung von Minderj\u00e4hrigen in irgendeiner Weise.<br \/>\nUm Material zu \u00fcbertragen oder hochzuladen, das nicht unseren Inhaltsstandards entspricht.<br \/>\nUm unaufgeforderte oder nicht autorisierte Werbung, Werbematerialien, Spam oder jede andere Form der Aufforderung zu versenden.<br \/>\nUm sich als Setlist.ch, einen Mitarbeiter von Setlist.ch, einen anderen Benutzer oder eine andere Person oder Einrichtung auszugeben oder dies zu versuchen.<\/p>\n<h4>4. Benutzerinhalte<\/h4>\n<p>Sie behalten das Eigentum an allen Inhalten, die Sie innerhalb der App einreichen oder ver\u00f6ffentlichen. Durch das Einreichen oder Ver\u00f6ffentlichen von Inhalten gew\u00e4hren Sie Setlist.ch jedoch eine nicht-exklusive, geb\u00fchrenfreie, unbefristete und weltweite Lizenz zur Nutzung, Reproduktion, \u00c4nderung, Ver\u00f6ffentlichung, Verteilung und Anzeige solcher Inhalte in Verbindung mit der App und ihrem Betrieb.<\/p>\n<h4>5. Geistiges Eigentum<\/h4>\n<p>Alle Inhalte, Funktionen und Funktionalit\u00e4ten innerhalb der App, einschlie\u00dflich, aber nicht beschr\u00e4nkt auf Text, Grafiken, Logos, Bilder und Software, sind das ausschlie\u00dfliche Eigentum von Setlist.ch oder seinen Lizenzgebern und sind durch Urheberrechts-, Marken- und andere Gesetze zum Schutz geistigen Eigentums gesch\u00fctzt.<\/p>\n<h4>6. Haftungsausschl\u00fcsse<\/h4>\n<p>Die App wird &#8222;wie sie ist&#8220; und &#8222;wie verf\u00fcgbar&#8220; ohne jegliche Garantien, weder ausdr\u00fccklich noch stillschweigend, bereitgestellt. Wir lehnen alle Garantien ab, einschlie\u00dflich, aber nicht beschr\u00e4nkt auf die stillschweigenden Garantien der Marktg\u00e4ngigkeit und Eignung f\u00fcr einen bestimmten Zweck.<\/p>\n<h4>7. Haftungsbeschr\u00e4nkung<\/h4>\n<p>Soweit gesetzlich zul\u00e4ssig, haftet Setlist.ch nicht f\u00fcr direkte, indirekte, zuf\u00e4llige, besondere, Folge- oder Strafsch\u00e4den, einschlie\u00dflich, aber nicht beschr\u00e4nkt auf entgangenen Gewinn, Datenverlust oder andere immaterielle Verluste, die sich aus oder im Zusammenhang mit Ihrer Nutzung der App ergeben.<\/p>\n<h4>8. Links zu Drittanbieterdiensten<\/h4>\n<p>Die App kann Links zu Diensten oder Websites von Drittanbietern enthalten, die nicht im Besitz oder unter der Kontrolle von Setlist.ch stehen. Wir sind nicht verantwortlich f\u00fcr den Inhalt oder die Praktiken von Drittanbieterdiensten. Sie greifen auf eigenes Risiko auf Drittanbieterdienste zu.<\/p>\n<h4>9. K\u00fcndigung<\/h4>\n<p>Wir behalten uns das Recht vor, Ihren Zugang zur App ohne vorherige Ank\u00fcndigung oder Haftung aus beliebigem Grund zu beenden oder auszusetzen, einschlie\u00dflich wenn Sie gegen diese Bedingungen versto\u00dfen.<\/p>\n<h4>10. Geltendes Recht<\/h4>\n<p>Diese Bedingungen und Ihre Nutzung der App unterliegen den Gesetzen der Schweiz und werden in \u00dcbereinstimmung mit diesen ausgelegt, ohne Ber\u00fccksichtigung von Kollisionsnormen. Der ausschlie\u00dfliche Gerichtsstand ist Lugano.<\/p>\n<h4>11. Kontaktieren Sie uns<\/h4>\n<p>Wenn Sie Fragen zu diesen Bedingungen haben, kontaktieren Sie uns bitte unter:<br \/>\nE-Mail: info@setlist.ch<\/p>\n<h4>12. Verschiedenes<\/h4>\n<p>Gesamte Vereinbarung: Diese Bedingungen stellen die gesamte Vereinbarung zwischen Ihnen und Setlist.ch bez\u00fcglich Ihrer Nutzung der App dar.<br \/>\nSalvatorische Klausel: Sollte eine Bestimmung dieser Bedingungen f\u00fcr ung\u00fcltig oder nicht durchsetzbar befunden werden, bleiben die \u00fcbrigen Bestimmungen in vollem Umfang in Kraft.<br \/>\nVerzicht: Unser Vers\u00e4umnis, ein Recht oder eine Bestimmung dieser Bedingungen durchzusetzen, gilt nicht als Verzicht auf dieses Recht oder diese Bestimmung.<\/p>\n<p>Vielen Dank, dass Sie Setlist.ch nutzen!<\/p>\n\t\t\t\t\t\t\t\t<\/div>\n\t\t\t\t<\/div>\n\t\t\t\t\t<\/div>\n\t\t<\/div>\n\t\t\t\t\t<\/div>\n\t\t<\/section>\n\t\t\t\t<\/div>\n\t\t","protected":false},"excerpt":{"rendered":"<p>Allgemeine Gesch\u00e4ftsbedingungen Zuletzt aktualisiert: 11.09.2024 Willkommen bei Setlist.ch. Durch die Nutzung unserer Webanwendung (die &#8222;App&#8220;), die unter https:\/\/app.setlist.ch\/ verf\u00fcgbar ist, erkl\u00e4ren Sie sich damit einverstanden, die folgenden Allgemeinen Gesch\u00e4ftsbedingungen (die &#8222;Bedingungen&#8220;) einzuhalten und an diese gebunden zu sein. Bitte lesen Sie diese Bedingungen sorgf\u00e4ltig durch, bevor Sie die App nutzen. Wenn Sie diesen Bedingungen nicht&#8230;<\/p>\n","protected":false},"author":1,"featured_media":0,"parent":0,"menu_order":7,"comment_status":"closed","ping_status":"closed","template":"","meta":{"footnotes":""},"class_list":["post-10153","page","type-page","status-publish","hentry"],"_links":{"self":[{"href":"https:\/\/setlist.ch\/de\/wp-json\/wp\/v2\/pages\/10153","targetHints":{"allow":["GET"]}}],"collection":[{"href":"https:\/\/setlist.ch\/de\/wp-json\/wp\/v2\/pages"}],"about":[{"href":"https:\/\/setlist.ch\/de\/wp-json\/wp\/v2\/types\/page"}],"author":[{"embeddable":true,"href":"https:\/\/setlist.ch\/de\/wp-json\/wp\/v2\/users\/1"}],"replies":[{"embeddable":true,"href":"https:\/\/setlist.ch\/de\/wp-json\/wp\/v2\/comments?post=10153"}],"version-history":[{"count":2,"href":"https:\/\/setlist.ch\/de\/wp-json\/wp\/v2\/pages\/10153\/revisions"}],"predecessor-version":[{"id":10155,"href":"https:\/\/setlist.ch\/de\/wp-json\/wp\/v2\/pages\/10153\/revisions\/10155"}],"wp:attachment":[{"href":"https:\/\/setlist.ch\/de\/wp-json\/wp\/v2\/media?parent=10153"}],"curies":[{"name":"wp","href":"https:\/\/api.w.org\/{rel}","templated":true}]}}