{"id":10359,"date":"2024-09-27T07:16:50","date_gmt":"2024-09-27T07:16:50","guid":{"rendered":"https:\/\/setlist.ch\/veranstaltung-organisieren\/"},"modified":"2025-03-17T13:45:21","modified_gmt":"2025-03-17T13:45:21","slug":"veranstaltung-organisieren","status":"publish","type":"page","link":"https:\/\/setlist.ch\/de\/veranstaltung-organisieren\/","title":{"rendered":"Veranstaltung Organisieren"},"content":{"rendered":"\t\t<div data-elementor-type=\"wp-page\" data-elementor-id=\"10359\" class=\"elementor elementor-10359 elementor-10328\" data-elementor-post-type=\"page\">\n\t\t\t\t\t\t<section class=\"elementor-section elementor-top-section elementor-element elementor-element-755b6f3 elementor-section-boxed elementor-section-height-default elementor-section-height-default\" data-id=\"755b6f3\" data-element_type=\"section\" data-e-type=\"section\">\n\t\t\t\t\t\t<div class=\"elementor-container elementor-column-gap-no\">\n\t\t\t\t\t<div class=\"elementor-column elementor-col-100 elementor-top-column elementor-element elementor-element-bfb2799\" data-id=\"bfb2799\" data-element_type=\"column\" data-e-type=\"column\">\n\t\t\t<div class=\"elementor-widget-wrap elementor-element-populated\">\n\t\t\t\t\t\t<div class=\"elementor-element elementor-element-7363617 elementor-widget__width-initial elementor-widget elementor-widget-heading\" data-id=\"7363617\" data-element_type=\"widget\" data-e-type=\"widget\" data-settings=\"{&quot;_animation&quot;:&quot;none&quot;,&quot;_animation_tablet&quot;:&quot;none&quot;,&quot;_animation_delay&quot;:300}\" data-widget_type=\"heading.default\">\n\t\t\t\t<div class=\"elementor-widget-container\">\n\t\t\t\t\t<h2 class=\"elementor-heading-title elementor-size-default\">Organisierst du eine Veranstaltung? <\/h2>\t\t\t\t<\/div>\n\t\t\t\t<\/div>\n\t\t\t\t\t<\/div>\n\t\t<\/div>\n\t\t\t\t\t<\/div>\n\t\t<\/section>\n\t\t\t\t<section class=\"elementor-section elementor-top-section elementor-element elementor-element-25329c8 elementor-section-boxed elementor-section-height-default elementor-section-height-default\" data-id=\"25329c8\" data-element_type=\"section\" data-e-type=\"section\">\n\t\t\t\t\t\t<div class=\"elementor-container elementor-column-gap-no\">\n\t\t\t\t\t<div class=\"elementor-column elementor-col-100 elementor-top-column elementor-element elementor-element-2e6d164\" data-id=\"2e6d164\" data-element_type=\"column\" data-e-type=\"column\">\n\t\t\t<div class=\"elementor-widget-wrap elementor-element-populated\">\n\t\t\t\t\t\t<div class=\"elementor-element elementor-element-55d468b elementor-widget__width-initial elementor-widget elementor-widget-heading\" data-id=\"55d468b\" data-element_type=\"widget\" data-e-type=\"widget\" data-widget_type=\"heading.default\">\n\t\t\t\t<div class=\"elementor-widget-container\">\n\t\t\t\t\t<h3 class=\"elementor-heading-title elementor-size-default\">Das solltest du \u00fcber die SUISA-Lizenz f\u00fcr Musik wissen<\/h3>\t\t\t\t<\/div>\n\t\t\t\t<\/div>\n\t\t\t\t<div class=\"elementor-element elementor-element-275b00b elementor-widget elementor-widget-text-editor\" data-id=\"275b00b\" data-element_type=\"widget\" data-e-type=\"widget\" data-widget_type=\"text-editor.default\">\n\t\t\t\t<div class=\"elementor-widget-container\">\n\t\t\t\t\t\t\t\t\t<p>Wenn du eine Veranstaltung planst, bei der Live- oder Hintergrundmusik gespielt wird, gibt es einen wichtigen Punkt zu beachten: die SUISA-Lizenz. Diese Lizenz ist erforderlich, um Musik rechtlich korrekt zu verwenden, und obwohl sie wie ein zus\u00e4tzlicher Aufwand erscheinen mag, helfen wir dir gerne dabei, es ganz einfach zu machen.<\/p>\n<p>Mit wenigen Informationen von dir k\u00f6nnen wir schnell die Kosten der Lizenz berechnen:<\/p>\n<ul>\n<li>Wie viele G\u00e4ste nimmst du an deiner Veranstaltung teil?<\/li>\n<li>Ist die Musik das Hauptelement oder nur eine Begleitung eines gr\u00f6\u00dferen Events?<\/li>\n<li>Wird es Hintergrundmusik geben?<\/li>\n<\/ul>\n<p>Teile uns diese Informationen mit, und wir k\u00fcmmern uns um die Berechnung der genauen Lizenzkosten. Au\u00dferdem k\u00f6nnen wir die Anmeldung bei SUISA f\u00fcr dich \u00fcbernehmen \u2013 ohne zus\u00e4tzliche Kosten, du zahlst nur die Lizenzgeb\u00fchren.<\/p>\n<p>Aber das ist noch nicht alles: Wir unterst\u00fctzen auch die K\u00fcnstler bei der Musikmeldung. Mit unserem Tool Setlist k\u00f6nnen K\u00fcnstler ganz einfach eine Liste der gespielten Titel erstellen, die direkt an SUISA gesendet werden kann. So wird die Verwaltung der Musikrechte noch schneller und automatisierter.<\/p>\n<p>Wenn du Fragen hast oder die Musikorganisation deiner Veranstaltung vereinfachen m\u00f6chtest, stehen wir dir gerne zur Seite. Wir wissen, wie wichtig jedes Detail ist, und helfen dir dabei, alles stressfrei zu managen.<\/p>\n\t\t\t\t\t\t\t\t<\/div>\n\t\t\t\t<\/div>\n\t\t\t\t\t<\/div>\n\t\t<\/div>\n\t\t\t\t\t<\/div>\n\t\t<\/section>\n\t\t<div class=\"elementor-element elementor-element-6e303ad e-flex e-con-boxed e-con e-parent\" data-id=\"6e303ad\" data-element_type=\"container\" data-e-type=\"container\">\n\t\t\t\t\t<div class=\"e-con-inner\">\n\t\t\t\t<div class=\"vamtam-has-theme-widget-styles elementor-element elementor-element-f5daf8e elementor-widget__width-initial elementor-widget-mobile__width-initial elementor-button-align-stretch vamtam-has-underline-anim elementor-widget elementor-widget-form\" data-id=\"f5daf8e\" data-element_type=\"widget\" data-e-type=\"widget\" data-settings=\"{&quot;step_next_label&quot;:&quot;Weiter&quot;,&quot;step_previous_label&quot;:&quot;Vorherige&quot;,&quot;button_width&quot;:&quot;100&quot;,&quot;step_type&quot;:&quot;number_text&quot;,&quot;step_icon_shape&quot;:&quot;circle&quot;}\" data-widget_type=\"form.default\">\n\t\t\t\t<div class=\"elementor-widget-container\">\n\t\t\t\t\t\t\t<form class=\"elementor-form\" method=\"post\" name=\"New Form\">\n\t\t\t<input type=\"hidden\" name=\"post_id\" value=\"10359\"\/>\n\t\t\t<input type=\"hidden\" name=\"form_id\" value=\"f5daf8e\"\/>\n\t\t\t<input type=\"hidden\" name=\"referer_title\" value=\"Veranstaltung Organisieren - Setlist\" \/>\n\n\t\t\t\t\t\t\t<input type=\"hidden\" name=\"queried_id\" value=\"10359\"\/>\n\t\t\t\n\t\t\t<div class=\"elementor-form-fields-wrapper elementor-labels-above\">\n\t\t\t\t\t\t\t\t<div class=\"elementor-field-type-text elementor-field-group elementor-column elementor-field-group-name elementor-col-100 elementor-field-required elementor-mark-required\">\n\t\t\t\t\t\t\t\t\t\t\t\t<label for=\"form-field-name\" class=\"elementor-field-label\">\n\t\t\t\t\t\t\t\tName\t\t\t\t\t\t\t<\/label>\n\t\t\t\t\t\t\t\t\t\t\t\t\t\t<input size=\"1\" type=\"text\" name=\"form_fields[name]\" id=\"form-field-name\" class=\"elementor-field elementor-size-sm  elementor-field-textual\" placeholder=\"Name\" required=\"required\">\n\t\t\t\t\t\t\t\t\t\t\t<\/div>\n\t\t\t\t\t\t\t\t<div class=\"elementor-field-type-email elementor-field-group elementor-column elementor-field-group-email elementor-col-100 elementor-field-required elementor-mark-required\">\n\t\t\t\t\t\t\t\t\t\t\t\t<label for=\"form-field-email\" class=\"elementor-field-label\">\n\t\t\t\t\t\t\t\tEmail\t\t\t\t\t\t\t<\/label>\n\t\t\t\t\t\t\t\t\t\t\t\t\t\t<input size=\"1\" type=\"email\" name=\"form_fields[email]\" id=\"form-field-email\" class=\"elementor-field elementor-size-sm  elementor-field-textual\" placeholder=\"Email\" required=\"required\">\n\t\t\t\t\t\t\t\t\t\t\t<\/div>\n\t\t\t\t\t\t\t\t<div class=\"elementor-field-type-textarea elementor-field-group elementor-column elementor-field-group-message elementor-col-100 elementor-field-required elementor-mark-required\">\n\t\t\t\t\t\t\t\t\t\t\t\t<label for=\"form-field-message\" class=\"elementor-field-label\">\n\t\t\t\t\t\t\t\tNachricht\t\t\t\t\t\t\t<\/label>\n\t\t\t\t\t\t<textarea class=\"elementor-field-textual elementor-field  elementor-size-sm\" name=\"form_fields[message]\" id=\"form-field-message\" rows=\"4\" placeholder=\"Wie viele G\u00e4ste werden an Ihrer Veranstaltung teilnehmen? Ist die Musik die Hauptattraktion oder nur eine Kulisse f\u00fcr eine gr\u00f6\u00dfere Veranstaltung? Wird es Hintergrundmusik geben?\" required=\"required\"><\/textarea>\t\t\t\t<\/div>\n\t\t\t\t\t\t\t\t<div class=\"elementor-field-type-recaptcha_v3 elementor-field-group elementor-column elementor-field-group-field_9e14500 elementor-col-100 recaptcha_v3-bottomright\">\n\t\t\t\t\t<div class=\"elementor-field\" id=\"form-field-field_9e14500\"><div class=\"elementor-g-recaptcha\" data-sitekey=\"6LdIblAqAAAAAHa7ybDtDDqPSsQ8aLaPo7Dcx057\" data-type=\"v3\" data-action=\"Form\" data-badge=\"bottomright\" data-size=\"invisible\"><\/div><\/div>\t\t\t\t<\/div>\n\t\t\t\t\t\t\t\t<div class=\"elementor-field-group elementor-column elementor-field-type-submit elementor-col-100 e-form__buttons\">\n\t\t\t\t\t<button class=\"elementor-button elementor-size-sm\" type=\"submit\">\n\t\t\t\t\t\t<span class=\"elementor-button-content-wrapper\">\n\t\t\t\t\t\t\t\t\t\t\t\t\t\t\t\t\t\t\t\t\t\t<span class=\"elementor-button-text\">Send<\/span>\n\t\t\t\t\t\t\t\t\t\t\t\t\t<\/span>\n\t\t\t\t\t<\/button>\n\t\t\t\t<\/div>\n\t\t\t<\/div>\n\t\t<\/form>\n\t\t\t\t\t\t<\/div>\n\t\t\t\t<\/div>\n\t\t\t\t\t<\/div>\n\t\t\t\t<\/div>\n\t\t\t\t<\/div>\n\t\t","protected":false},"excerpt":{"rendered":"<p>Organisierst du eine Veranstaltung? Das solltest du \u00fcber die SUISA-Lizenz f\u00fcr Musik wissen Wenn du eine Veranstaltung planst, bei der Live- oder Hintergrundmusik gespielt wird, gibt es einen wichtigen Punkt zu beachten: die SUISA-Lizenz. Diese Lizenz ist erforderlich, um Musik rechtlich korrekt zu verwenden, und obwohl sie wie ein zus\u00e4tzlicher Aufwand erscheinen mag, helfen wir&#8230;<\/p>\n","protected":false},"author":2,"featured_media":0,"parent":0,"menu_order":0,"comment_status":"closed","ping_status":"closed","template":"","meta":{"footnotes":""},"class_list":["post-10359","page","type-page","status-publish","hentry"],"_links":{"self":[{"href":"https:\/\/setlist.ch\/de\/wp-json\/wp\/v2\/pages\/10359","targetHints":{"allow":["GET"]}}],"collection":[{"href":"https:\/\/setlist.ch\/de\/wp-json\/wp\/v2\/pages"}],"about":[{"href":"https:\/\/setlist.ch\/de\/wp-json\/wp\/v2\/types\/page"}],"author":[{"embeddable":true,"href":"https:\/\/setlist.ch\/de\/wp-json\/wp\/v2\/users\/2"}],"replies":[{"embeddable":true,"href":"https:\/\/setlist.ch\/de\/wp-json\/wp\/v2\/comments?post=10359"}],"version-history":[{"count":5,"href":"https:\/\/setlist.ch\/de\/wp-json\/wp\/v2\/pages\/10359\/revisions"}],"predecessor-version":[{"id":10412,"href":"https:\/\/setlist.ch\/de\/wp-json\/wp\/v2\/pages\/10359\/revisions\/10412"}],"wp:attachment":[{"href":"https:\/\/setlist.ch\/de\/wp-json\/wp\/v2\/media?parent=10359"}],"curies":[{"name":"wp","href":"https:\/\/api.w.org\/{rel}","templated":true}]}}