{"id":10150,"date":"2023-05-12T11:41:16","date_gmt":"2023-05-12T11:41:16","guid":{"rendered":"https:\/\/setlist.ch\/conditions-generales\/"},"modified":"2024-09-18T14:48:26","modified_gmt":"2024-09-18T14:48:26","slug":"conditions-generales","status":"publish","type":"page","link":"https:\/\/setlist.ch\/fr\/conditions-generales\/","title":{"rendered":"Conditions G\u00e9n\u00e9rales"},"content":{"rendered":"\t\t<div data-elementor-type=\"wp-page\" data-elementor-id=\"10150\" class=\"elementor elementor-10150 elementor-1454\" data-elementor-post-type=\"page\">\n\t\t\t\t\t\t<section class=\"elementor-section elementor-top-section elementor-element elementor-element-5e97f6d elementor-section-boxed elementor-section-height-default elementor-section-height-default\" data-id=\"5e97f6d\" data-element_type=\"section\" data-e-type=\"section\">\n\t\t\t\t\t\t<div class=\"elementor-container elementor-column-gap-no\">\n\t\t\t\t\t<div class=\"elementor-column elementor-col-100 elementor-top-column elementor-element elementor-element-41d4428\" data-id=\"41d4428\" data-element_type=\"column\" data-e-type=\"column\">\n\t\t\t<div class=\"elementor-widget-wrap elementor-element-populated\">\n\t\t\t\t\t\t<div class=\"elementor-element elementor-element-7998210 elementor-invisible elementor-widget elementor-widget-heading\" data-id=\"7998210\" data-element_type=\"widget\" data-e-type=\"widget\" data-settings=\"{&quot;_animation&quot;:&quot;fadeIn&quot;,&quot;_animation_tablet&quot;:&quot;none&quot;,&quot;_animation_delay&quot;:300}\" data-widget_type=\"heading.default\">\n\t\t\t\t<div class=\"elementor-widget-container\">\n\t\t\t\t\t<h2 class=\"elementor-heading-title elementor-size-default\">Conditions G\u00e9n\u00e9rales<span style=\"color: var( --e-global-color-vamtam_accent_6 );font-family: var( --e-global-typography-vamtam_h1-font-family ), Sans-serif;font-size: var( --e-global-typography-vamtam_h1-font-size );font-style: var( --e-global-typography-vamtam_h1-font-style );font-weight: var( --e-global-typography-vamtam_h1-font-weight );letter-spacing: var( --e-global-typography-vamtam_h1-letter-spacing );text-transform: var( --e-global-typography-vamtam_h1-text-transform )\"><\/span><\/h2>\t\t\t\t<\/div>\n\t\t\t\t<\/div>\n\t\t\t\t<div class=\"elementor-element elementor-element-5b2ce1c elementor-widget__width-initial elementor-widget-mobile__width-inherit elementor-widget-tablet__width-inherit elementor-widget elementor-widget-text-editor\" data-id=\"5b2ce1c\" data-element_type=\"widget\" data-e-type=\"widget\" data-widget_type=\"text-editor.default\">\n\t\t\t\t<div class=\"elementor-widget-container\">\n\t\t\t\t\t\t\t\t\t<p>Derni\u00e8re mise \u00e0 jour : 11.09.2024<\/p>\n\t\t\t\t\t\t\t\t<\/div>\n\t\t\t\t<\/div>\n\t\t\t\t\t<\/div>\n\t\t<\/div>\n\t\t\t\t\t<\/div>\n\t\t<\/section>\n\t\t\t\t<section class=\"elementor-section elementor-top-section elementor-element elementor-element-25329c8 elementor-section-boxed elementor-section-height-default elementor-section-height-default\" data-id=\"25329c8\" data-element_type=\"section\" data-e-type=\"section\">\n\t\t\t\t\t\t<div class=\"elementor-container elementor-column-gap-no\">\n\t\t\t\t\t<div class=\"elementor-column elementor-col-100 elementor-top-column elementor-element elementor-element-2e6d164\" data-id=\"2e6d164\" data-element_type=\"column\" data-e-type=\"column\">\n\t\t\t<div class=\"elementor-widget-wrap elementor-element-populated\">\n\t\t\t\t\t\t<div class=\"elementor-element elementor-element-275b00b elementor-widget elementor-widget-text-editor\" data-id=\"275b00b\" data-element_type=\"widget\" data-e-type=\"widget\" data-widget_type=\"text-editor.default\">\n\t\t\t\t<div class=\"elementor-widget-container\">\n\t\t\t\t\t\t\t\t\t<p>Bienvenue sur Setlist.ch. En utilisant notre application web (l'\u00a0\u00bbApp\u00a0\u00bb) disponible sur https:\/\/app.setlist.ch\/, vous acceptez de vous conformer et d&rsquo;\u00eatre li\u00e9 par les conditions g\u00e9n\u00e9rales suivantes (les \u00ab\u00a0Conditions\u00a0\u00bb). Veuillez lire attentivement ces Conditions avant d&rsquo;utiliser l&rsquo;App. Si vous n&rsquo;acceptez pas ces Conditions, vous ne devez pas utiliser l&rsquo;App.<\/p>\n<h4>1. Acceptation des Conditions<\/h4>\n<p>En acc\u00e9dant \u00e0 l&rsquo;App ou en l&rsquo;utilisant, vous acceptez d&rsquo;\u00eatre li\u00e9 par ces Conditions et notre Politique de Confidentialit\u00e9, qui est incorpor\u00e9e par r\u00e9f\u00e9rence. Si vous n&rsquo;\u00eates pas d&rsquo;accord avec ces Conditions ou notre Politique de Confidentialit\u00e9, vous devez cesser imm\u00e9diatement d&rsquo;utiliser l&rsquo;App.<\/p>\n<h4>2. Modifications des Conditions<\/h4>\n<p>Nous nous r\u00e9servons le droit de modifier ces Conditions \u00e0 tout moment. Les modifications seront effectives lorsqu&rsquo;elles seront publi\u00e9es dans l&rsquo;App ou sur notre site web officiel. Votre utilisation continue de l&rsquo;App apr\u00e8s la publication des modifications constitue votre acceptation de ces modifications.<\/p>\n<h4>3. Utilisation de l&rsquo;App<\/h4>\n<p>Vous acceptez d&rsquo;utiliser l&rsquo;App uniquement \u00e0 des fins l\u00e9gales et conform\u00e9ment \u00e0 ces Conditions. Vous acceptez de ne pas utiliser l&rsquo;App :<br \/>\nD&rsquo;une mani\u00e8re qui viole toute loi ou r\u00e9glementation locale, nationale ou internationale applicable.<br \/>\nDans le but d&rsquo;exploiter, de nuire ou de tenter d&rsquo;exploiter ou de nuire \u00e0 des mineurs de quelque mani\u00e8re que ce soit.<br \/>\nPour transmettre ou t\u00e9l\u00e9charger tout mat\u00e9riel qui ne respecte pas nos normes de contenu.<br \/>\nPour envoyer de la publicit\u00e9 non sollicit\u00e9e ou non autoris\u00e9e, du mat\u00e9riel promotionnel, du spam ou toute autre forme de sollicitation.<br \/>\nPour usurper l&rsquo;identit\u00e9 ou tenter d&rsquo;usurper l&rsquo;identit\u00e9 de Setlist.ch, d&rsquo;un employ\u00e9 de Setlist.ch, d&rsquo;un autre utilisateur ou de toute autre personne ou entit\u00e9.<\/p>\n<h4>4. Contenu de l&rsquo;Utilisateur<\/h4>\n<p>Vous conservez la propri\u00e9t\u00e9 de tout contenu que vous soumettez ou publiez dans l&rsquo;App. Cependant, en soumettant ou en publiant du contenu, vous accordez \u00e0 Setlist.ch une licence non exclusive, libre de redevances, perp\u00e9tuelle et mondiale pour utiliser, reproduire, modifier, publier, distribuer et afficher ce contenu en relation avec l&rsquo;App et ses op\u00e9rations.<\/p>\n<h4>5. Propri\u00e9t\u00e9 Intellectuelle<\/h4>\n<p>Tout le contenu, les fonctionnalit\u00e9s et les fonctions de l&rsquo;App, y compris, mais sans s&rsquo;y limiter, les textes, graphiques, logos, images et logiciels, sont la propri\u00e9t\u00e9 exclusive de Setlist.ch ou de ses conc\u00e9dants et sont prot\u00e9g\u00e9s par les lois sur le droit d&rsquo;auteur, les marques de commerce et autres lois sur la propri\u00e9t\u00e9 intellectuelle.<\/p>\n<h4>6. Avis de Non-Responsabilit\u00e9<\/h4>\n<p>L&rsquo;App est fournie \u00ab\u00a0telle quelle\u00a0\u00bb et \u00ab\u00a0selon disponibilit\u00e9\u00a0\u00bb sans garantie d&rsquo;aucune sorte, expresse ou implicite. Nous d\u00e9clinons toute garantie, y compris, mais sans s&rsquo;y limiter, les garanties implicites de qualit\u00e9 marchande et d&rsquo;ad\u00e9quation \u00e0 un usage particulier.<\/p>\n<p>7. Limitation de Responsabilit\u00e9<br \/>\nDans toute la mesure permise par la loi, Setlist.ch ne sera pas responsable des dommages directs, indirects, accessoires, sp\u00e9ciaux, cons\u00e9cutifs ou punitifs, y compris, mais sans s&rsquo;y limiter, la perte de profits, de donn\u00e9es ou d&rsquo;autres pertes intangibles, d\u00e9coulant de ou li\u00e9s \u00e0 votre utilisation de l&rsquo;App.<\/p>\n<h4>8. Liens vers des Services Tiers<\/h4>\n<p>L&rsquo;App peut contenir des liens vers des services ou des sites web tiers qui ne sont pas d\u00e9tenus ou contr\u00f4l\u00e9s par Setlist.ch. Nous ne sommes pas responsables du contenu ou des pratiques de tout service tiers. Vous acc\u00e9dez aux services tiers \u00e0 vos propres risques.<\/p>\n<h4>9. R\u00e9siliation<\/h4>\n<p>Nous nous r\u00e9servons le droit de r\u00e9silier ou de suspendre votre acc\u00e8s \u00e0 l&rsquo;App, sans pr\u00e9avis ni responsabilit\u00e9, pour quelque raison que ce soit, y compris si vous violez ces Conditions.<\/p>\n<h4>10. Loi Applicable<\/h4>\n<p>Ces Conditions et votre utilisation de l&rsquo;App seront r\u00e9gies et interpr\u00e9t\u00e9es conform\u00e9ment aux lois de la Suisse, sans \u00e9gard \u00e0 ses principes de conflit de lois. Le seul lieu de juridiction est Lugano.<\/p>\n<h4>11. Nous Contacter<\/h4>\n<p>Si vous avez des questions concernant ces Conditions, veuillez nous contacter \u00e0 :<br \/>\nEmail : info@setlist.ch<\/p>\n<h4>12. Divers<\/h4>\n<p>Int\u00e9gralit\u00e9 de l&rsquo;Accord : Ces Conditions constituent l&rsquo;int\u00e9gralit\u00e9 de l&rsquo;accord entre vous et Setlist.ch concernant votre utilisation de l&rsquo;App.<br \/>\nDivisibilit\u00e9 : Si une disposition de ces Conditions est jug\u00e9e invalide ou inapplicable, les dispositions restantes resteront pleinement en vigueur.<br \/>\nRenonciation : Notre incapacit\u00e9 \u00e0 faire respecter tout droit ou disposition de ces Conditions ne sera pas consid\u00e9r\u00e9e comme une renonciation \u00e0 ce droit ou \u00e0 cette disposition.<\/p>\n<p>Merci d&rsquo;utiliser Setlist.ch !<\/p>\n\t\t\t\t\t\t\t\t<\/div>\n\t\t\t\t<\/div>\n\t\t\t\t\t<\/div>\n\t\t<\/div>\n\t\t\t\t\t<\/div>\n\t\t<\/section>\n\t\t\t\t<\/div>\n\t\t","protected":false},"excerpt":{"rendered":"<p>Conditions G\u00e9n\u00e9rales Derni\u00e8re mise \u00e0 jour : 11.09.2024 Bienvenue sur Setlist.ch. En utilisant notre application web (l&rsquo;\u00a0\u00bbApp\u00a0\u00bb) disponible sur https:\/\/app.setlist.ch\/, vous acceptez de vous conformer et d&rsquo;\u00eatre li\u00e9 par les conditions g\u00e9n\u00e9rales suivantes (les \u00ab\u00a0Conditions\u00a0\u00bb). Veuillez lire attentivement ces Conditions avant d&rsquo;utiliser l&rsquo;App. Si vous n&rsquo;acceptez pas ces Conditions, vous ne devez pas utiliser l&rsquo;App&#8230;.<\/p>\n","protected":false},"author":1,"featured_media":0,"parent":0,"menu_order":6,"comment_status":"closed","ping_status":"closed","template":"","meta":{"footnotes":""},"class_list":["post-10150","page","type-page","status-publish","hentry"],"_links":{"self":[{"href":"https:\/\/setlist.ch\/fr\/wp-json\/wp\/v2\/pages\/10150","targetHints":{"allow":["GET"]}}],"collection":[{"href":"https:\/\/setlist.ch\/fr\/wp-json\/wp\/v2\/pages"}],"about":[{"href":"https:\/\/setlist.ch\/fr\/wp-json\/wp\/v2\/types\/page"}],"author":[{"embeddable":true,"href":"https:\/\/setlist.ch\/fr\/wp-json\/wp\/v2\/users\/1"}],"replies":[{"embeddable":true,"href":"https:\/\/setlist.ch\/fr\/wp-json\/wp\/v2\/comments?post=10150"}],"version-history":[{"count":2,"href":"https:\/\/setlist.ch\/fr\/wp-json\/wp\/v2\/pages\/10150\/revisions"}],"predecessor-version":[{"id":10152,"href":"https:\/\/setlist.ch\/fr\/wp-json\/wp\/v2\/pages\/10150\/revisions\/10152"}],"wp:attachment":[{"href":"https:\/\/setlist.ch\/fr\/wp-json\/wp\/v2\/media?parent=10150"}],"curies":[{"name":"wp","href":"https:\/\/api.w.org\/{rel}","templated":true}]}}