{"id":10356,"date":"2024-09-27T07:16:50","date_gmt":"2024-09-27T07:16:50","guid":{"rendered":"https:\/\/setlist.ch\/organisez-un-evenement\/"},"modified":"2025-03-17T13:45:10","modified_gmt":"2025-03-17T13:45:10","slug":"organisez-un-evenement","status":"publish","type":"page","link":"https:\/\/setlist.ch\/fr\/organisez-un-evenement\/","title":{"rendered":"Organisez un \u00e9v\u00e9nement"},"content":{"rendered":"\t\t<div data-elementor-type=\"wp-page\" data-elementor-id=\"10356\" class=\"elementor elementor-10356 elementor-10328\" data-elementor-post-type=\"page\">\n\t\t\t\t\t\t<section class=\"elementor-section elementor-top-section elementor-element elementor-element-755b6f3 elementor-section-boxed elementor-section-height-default elementor-section-height-default\" data-id=\"755b6f3\" data-element_type=\"section\" data-e-type=\"section\">\n\t\t\t\t\t\t<div class=\"elementor-container elementor-column-gap-no\">\n\t\t\t\t\t<div class=\"elementor-column elementor-col-100 elementor-top-column elementor-element elementor-element-bfb2799\" data-id=\"bfb2799\" data-element_type=\"column\" data-e-type=\"column\">\n\t\t\t<div class=\"elementor-widget-wrap elementor-element-populated\">\n\t\t\t\t\t\t<div class=\"elementor-element elementor-element-7363617 elementor-widget__width-initial elementor-widget elementor-widget-heading\" data-id=\"7363617\" data-element_type=\"widget\" data-e-type=\"widget\" data-settings=\"{&quot;_animation&quot;:&quot;none&quot;,&quot;_animation_tablet&quot;:&quot;none&quot;,&quot;_animation_delay&quot;:300}\" data-widget_type=\"heading.default\">\n\t\t\t\t<div class=\"elementor-widget-container\">\n\t\t\t\t\t<h2 class=\"elementor-heading-title elementor-size-default\">Vous organisez un \u00e9v\u00e9nement ?<\/h2>\t\t\t\t<\/div>\n\t\t\t\t<\/div>\n\t\t\t\t\t<\/div>\n\t\t<\/div>\n\t\t\t\t\t<\/div>\n\t\t<\/section>\n\t\t\t\t<section class=\"elementor-section elementor-top-section elementor-element elementor-element-25329c8 elementor-section-boxed elementor-section-height-default elementor-section-height-default\" data-id=\"25329c8\" data-element_type=\"section\" data-e-type=\"section\">\n\t\t\t\t\t\t<div class=\"elementor-container elementor-column-gap-no\">\n\t\t\t\t\t<div class=\"elementor-column elementor-col-100 elementor-top-column elementor-element elementor-element-2e6d164\" data-id=\"2e6d164\" data-element_type=\"column\" data-e-type=\"column\">\n\t\t\t<div class=\"elementor-widget-wrap elementor-element-populated\">\n\t\t\t\t\t\t<div class=\"elementor-element elementor-element-55d468b elementor-widget__width-initial elementor-widget elementor-widget-heading\" data-id=\"55d468b\" data-element_type=\"widget\" data-e-type=\"widget\" data-widget_type=\"heading.default\">\n\t\t\t\t<div class=\"elementor-widget-container\">\n\t\t\t\t\t<h3 class=\"elementor-heading-title elementor-size-default\">Voici ce qu'il faut savoir sur la licence SUISA pour la musique<\/h3>\t\t\t\t<\/div>\n\t\t\t\t<\/div>\n\t\t\t\t<div class=\"elementor-element elementor-element-275b00b elementor-widget elementor-widget-text-editor\" data-id=\"275b00b\" data-element_type=\"widget\" data-e-type=\"widget\" data-widget_type=\"text-editor.default\">\n\t\t\t\t<div class=\"elementor-widget-container\">\n\t\t\t\t\t\t\t\t\t<p>Lorsque vous organisez un \u00e9v\u00e9nement avec de la musique live ou de fond, il y a un point important \u00e0 ne pas oublier : la licence SUISA. Cette licence est n\u00e9cessaire pour l&rsquo;utilisation l\u00e9gale de la musique, et bien qu&rsquo;elle puisse sembler \u00eatre une t\u00e2che suppl\u00e9mentaire, nous sommes l\u00e0 pour vous simplifier la vie.<\/p>\n<p>Avec quelques informations de votre part, nous pouvons rapidement calculer le co\u00fbt de la licence :<\/p>\n<ul>\n<li>Combien de personnes assisteront \u00e0 votre \u00e9v\u00e9nement ?<\/li>\n<li>La musique est-elle l&rsquo;\u00e9l\u00e9ment principal ou juste un accompagnement ?<\/li>\n<li>Avez-vous pr\u00e9vu de la musique de fond ?<\/li>\n<\/ul>\n<p>Fournissez-nous ces informations, et nous nous occuperons d&rsquo;estimer les co\u00fbts exacts de la licence. De plus, nous pouvons pr\u00e9parer la notification \u00e0 la SUISA pour vous, sans frais suppl\u00e9mentaires \u2013 vous ne payez que le prix de la licence.<\/p>\n<p>En outre, nous nous occupons \u00e9galement d&rsquo;un aspect important pour les artistes : la d\u00e9claration des morceaux jou\u00e9s. Gr\u00e2ce \u00e0 notre outil Setlist, les artistes peuvent cr\u00e9er facilement une liste des titres jou\u00e9s, pr\u00eate \u00e0 \u00eatre envoy\u00e9e directement \u00e0 la SUISA. Ainsi, la gestion des droits musicaux devient encore plus rapide et automatis\u00e9e.<\/p>\n<p>Si vous avez des questions ou souhaitez simplifier l&rsquo;organisation musicale de votre \u00e9v\u00e9nement, nous sommes l\u00e0 pour vous aider. Chaque d\u00e9tail compte, et nous vous aidons \u00e0 le g\u00e9rer sans stress.<\/p>\n\t\t\t\t\t\t\t\t<\/div>\n\t\t\t\t<\/div>\n\t\t\t\t\t<\/div>\n\t\t<\/div>\n\t\t\t\t\t<\/div>\n\t\t<\/section>\n\t\t<div class=\"elementor-element elementor-element-6e303ad e-flex e-con-boxed e-con e-parent\" data-id=\"6e303ad\" data-element_type=\"container\" data-e-type=\"container\">\n\t\t\t\t\t<div class=\"e-con-inner\">\n\t\t\t\t<div class=\"vamtam-has-theme-widget-styles elementor-element elementor-element-f5daf8e elementor-widget__width-initial elementor-widget-mobile__width-initial elementor-button-align-stretch vamtam-has-underline-anim elementor-widget elementor-widget-form\" data-id=\"f5daf8e\" data-element_type=\"widget\" data-e-type=\"widget\" data-settings=\"{&quot;step_next_label&quot;:&quot;Suivant&quot;,&quot;step_previous_label&quot;:&quot;Pr\\u00e9c\\u00e9dent&quot;,&quot;button_width&quot;:&quot;100&quot;,&quot;step_type&quot;:&quot;number_text&quot;,&quot;step_icon_shape&quot;:&quot;circle&quot;}\" data-widget_type=\"form.default\">\n\t\t\t\t<div class=\"elementor-widget-container\">\n\t\t\t\t\t\t\t<form class=\"elementor-form\" method=\"post\" name=\"New Form\">\n\t\t\t<input type=\"hidden\" name=\"post_id\" value=\"10356\"\/>\n\t\t\t<input type=\"hidden\" name=\"form_id\" value=\"f5daf8e\"\/>\n\t\t\t<input type=\"hidden\" name=\"referer_title\" value=\"Organisez un \u00e9v\u00e9nement - Setlist\" \/>\n\n\t\t\t\t\t\t\t<input type=\"hidden\" name=\"queried_id\" value=\"10356\"\/>\n\t\t\t\n\t\t\t<div class=\"elementor-form-fields-wrapper elementor-labels-above\">\n\t\t\t\t\t\t\t\t<div class=\"elementor-field-type-text elementor-field-group elementor-column elementor-field-group-name elementor-col-100 elementor-field-required elementor-mark-required\">\n\t\t\t\t\t\t\t\t\t\t\t\t<label for=\"form-field-name\" class=\"elementor-field-label\">\n\t\t\t\t\t\t\t\tNom\t\t\t\t\t\t\t<\/label>\n\t\t\t\t\t\t\t\t\t\t\t\t\t\t<input size=\"1\" type=\"text\" name=\"form_fields[name]\" id=\"form-field-name\" class=\"elementor-field elementor-size-sm  elementor-field-textual\" placeholder=\"Nom\" required=\"required\">\n\t\t\t\t\t\t\t\t\t\t\t<\/div>\n\t\t\t\t\t\t\t\t<div class=\"elementor-field-type-email elementor-field-group elementor-column elementor-field-group-email elementor-col-100 elementor-field-required elementor-mark-required\">\n\t\t\t\t\t\t\t\t\t\t\t\t<label for=\"form-field-email\" class=\"elementor-field-label\">\n\t\t\t\t\t\t\t\tEmail\t\t\t\t\t\t\t<\/label>\n\t\t\t\t\t\t\t\t\t\t\t\t\t\t<input size=\"1\" type=\"email\" name=\"form_fields[email]\" id=\"form-field-email\" class=\"elementor-field elementor-size-sm  elementor-field-textual\" placeholder=\"Email\" required=\"required\">\n\t\t\t\t\t\t\t\t\t\t\t<\/div>\n\t\t\t\t\t\t\t\t<div class=\"elementor-field-type-textarea elementor-field-group elementor-column elementor-field-group-message elementor-col-100 elementor-field-required elementor-mark-required\">\n\t\t\t\t\t\t\t\t\t\t\t\t<label for=\"form-field-message\" class=\"elementor-field-label\">\n\t\t\t\t\t\t\t\tMessage\t\t\t\t\t\t\t<\/label>\n\t\t\t\t\t\t<textarea class=\"elementor-field-textual elementor-field  elementor-size-sm\" name=\"form_fields[message]\" id=\"form-field-message\" rows=\"4\" placeholder=\"Combien d&#039;invit\u00e9s assisteront \u00e0 votre \u00e9v\u00e9nement ? La musique est-elle l&#039;attraction principale ou simplement une toile de fond pour un \u00e9v\u00e9nement plus important ? Y aura-t-il de la musique d&#039;ambiance ?\" required=\"required\"><\/textarea>\t\t\t\t<\/div>\n\t\t\t\t\t\t\t\t<div class=\"elementor-field-type-recaptcha_v3 elementor-field-group elementor-column elementor-field-group-field_9e14500 elementor-col-100 recaptcha_v3-bottomright\">\n\t\t\t\t\t<div class=\"elementor-field\" id=\"form-field-field_9e14500\"><div class=\"elementor-g-recaptcha\" data-sitekey=\"6LdIblAqAAAAAHa7ybDtDDqPSsQ8aLaPo7Dcx057\" data-type=\"v3\" data-action=\"Form\" data-badge=\"bottomright\" data-size=\"invisible\"><\/div><\/div>\t\t\t\t<\/div>\n\t\t\t\t\t\t\t\t<div class=\"elementor-field-group elementor-column elementor-field-type-submit elementor-col-100 e-form__buttons\">\n\t\t\t\t\t<button class=\"elementor-button elementor-size-sm\" type=\"submit\">\n\t\t\t\t\t\t<span class=\"elementor-button-content-wrapper\">\n\t\t\t\t\t\t\t\t\t\t\t\t\t\t\t\t\t\t\t\t\t\t<span class=\"elementor-button-text\">Envoyer<\/span>\n\t\t\t\t\t\t\t\t\t\t\t\t\t<\/span>\n\t\t\t\t\t<\/button>\n\t\t\t\t<\/div>\n\t\t\t<\/div>\n\t\t<\/form>\n\t\t\t\t\t\t<\/div>\n\t\t\t\t<\/div>\n\t\t\t\t\t<\/div>\n\t\t\t\t<\/div>\n\t\t\t\t<\/div>\n\t\t","protected":false},"excerpt":{"rendered":"<p>Vous organisez un \u00e9v\u00e9nement ? Voici ce qu&rsquo;il faut savoir sur la licence SUISA pour la musique Lorsque vous organisez un \u00e9v\u00e9nement avec de la musique live ou de fond, il y a un point important \u00e0 ne pas oublier : la licence SUISA. Cette licence est n\u00e9cessaire pour l&rsquo;utilisation l\u00e9gale de la musique, et&#8230;<\/p>\n","protected":false},"author":2,"featured_media":0,"parent":0,"menu_order":0,"comment_status":"closed","ping_status":"closed","template":"","meta":{"footnotes":""},"class_list":["post-10356","page","type-page","status-publish","hentry"],"_links":{"self":[{"href":"https:\/\/setlist.ch\/fr\/wp-json\/wp\/v2\/pages\/10356","targetHints":{"allow":["GET"]}}],"collection":[{"href":"https:\/\/setlist.ch\/fr\/wp-json\/wp\/v2\/pages"}],"about":[{"href":"https:\/\/setlist.ch\/fr\/wp-json\/wp\/v2\/types\/page"}],"author":[{"embeddable":true,"href":"https:\/\/setlist.ch\/fr\/wp-json\/wp\/v2\/users\/2"}],"replies":[{"embeddable":true,"href":"https:\/\/setlist.ch\/fr\/wp-json\/wp\/v2\/comments?post=10356"}],"version-history":[{"count":5,"href":"https:\/\/setlist.ch\/fr\/wp-json\/wp\/v2\/pages\/10356\/revisions"}],"predecessor-version":[{"id":10411,"href":"https:\/\/setlist.ch\/fr\/wp-json\/wp\/v2\/pages\/10356\/revisions\/10411"}],"wp:attachment":[{"href":"https:\/\/setlist.ch\/fr\/wp-json\/wp\/v2\/media?parent=10356"}],"curies":[{"name":"wp","href":"https:\/\/api.w.org\/{rel}","templated":true}]}}