{"id":10353,"date":"2024-09-27T07:16:50","date_gmt":"2024-09-27T07:16:50","guid":{"rendered":"https:\/\/setlist.ch\/organizzi-un-evento\/"},"modified":"2025-03-17T13:45:31","modified_gmt":"2025-03-17T13:45:31","slug":"organizzi-un-evento","status":"publish","type":"page","link":"https:\/\/setlist.ch\/it\/organizzi-un-evento\/","title":{"rendered":"Organizzi un evento"},"content":{"rendered":"\t\t<div data-elementor-type=\"wp-page\" data-elementor-id=\"10353\" class=\"elementor elementor-10353 elementor-10328\" data-elementor-post-type=\"page\">\n\t\t\t\t\t\t<section class=\"elementor-section elementor-top-section elementor-element elementor-element-755b6f3 elementor-section-boxed elementor-section-height-default elementor-section-height-default\" data-id=\"755b6f3\" data-element_type=\"section\" data-e-type=\"section\">\n\t\t\t\t\t\t<div class=\"elementor-container elementor-column-gap-no\">\n\t\t\t\t\t<div class=\"elementor-column elementor-col-100 elementor-top-column elementor-element elementor-element-bfb2799\" data-id=\"bfb2799\" data-element_type=\"column\" data-e-type=\"column\">\n\t\t\t<div class=\"elementor-widget-wrap elementor-element-populated\">\n\t\t\t\t\t\t<div class=\"elementor-element elementor-element-7363617 elementor-widget__width-initial elementor-widget elementor-widget-heading\" data-id=\"7363617\" data-element_type=\"widget\" data-e-type=\"widget\" data-settings=\"{&quot;_animation&quot;:&quot;none&quot;,&quot;_animation_tablet&quot;:&quot;none&quot;,&quot;_animation_delay&quot;:300}\" data-widget_type=\"heading.default\">\n\t\t\t\t<div class=\"elementor-widget-container\">\n\t\t\t\t\t<h2 class=\"elementor-heading-title elementor-size-default\">Organizzi un evento?<\/h2>\t\t\t\t<\/div>\n\t\t\t\t<\/div>\n\t\t\t\t\t<\/div>\n\t\t<\/div>\n\t\t\t\t\t<\/div>\n\t\t<\/section>\n\t\t\t\t<section class=\"elementor-section elementor-top-section elementor-element elementor-element-25329c8 elementor-section-boxed elementor-section-height-default elementor-section-height-default\" data-id=\"25329c8\" data-element_type=\"section\" data-e-type=\"section\">\n\t\t\t\t\t\t<div class=\"elementor-container elementor-column-gap-no\">\n\t\t\t\t\t<div class=\"elementor-column elementor-col-100 elementor-top-column elementor-element elementor-element-2e6d164\" data-id=\"2e6d164\" data-element_type=\"column\" data-e-type=\"column\">\n\t\t\t<div class=\"elementor-widget-wrap elementor-element-populated\">\n\t\t\t\t\t\t<div class=\"elementor-element elementor-element-55d468b elementor-widget__width-initial elementor-widget elementor-widget-heading\" data-id=\"55d468b\" data-element_type=\"widget\" data-e-type=\"widget\" data-widget_type=\"heading.default\">\n\t\t\t\t<div class=\"elementor-widget-container\">\n\t\t\t\t\t<h3 class=\"elementor-heading-title elementor-size-default\">Non dimenticare la licenza SUISA per la musica dal vivo!<\/h3>\t\t\t\t<\/div>\n\t\t\t\t<\/div>\n\t\t\t\t<div class=\"elementor-element elementor-element-275b00b elementor-widget elementor-widget-text-editor\" data-id=\"275b00b\" data-element_type=\"widget\" data-e-type=\"widget\" data-widget_type=\"text-editor.default\">\n\t\t\t\t<div class=\"elementor-widget-container\">\n\t\t\t\t\t\t\t\t\t<p>Quando organizzi un evento che include musica dal vivo o di sottofondo, c\u2019\u00e8 un aspetto da non dimenticare: la licenza SUISA. La licenza \u00e8 necessaria per garantire l\u2019uso legale della musica e pu\u00f2 sembrare una cosa in pi\u00f9 da gestire, ma siamo qui per aiutarti a renderla semplice.<\/p>\n<p>Con pochi dati da parte tua, possiamo calcolare rapidamente il costo della licenza:<\/p>\n<ul>\n<li>Quante persone parteciperanno al tuo evento?<\/li>\n<li>La musica \u00e8 l\u2019elemento principale o un semplice accompagnamento di un evento pi\u00f9 ampio?<\/li>\n<li>Hai previsto musica di sottofondo?<\/li>\n<\/ul>\n<p>Facci sapere queste informazioni, e ci occuperemo noi di stimare il costo esatto della licenza. E non finisce qui: possiamo anche preparare la notifica a SUISA per tuo conto, senza alcun costo aggiuntivo, pagherai solo il prezzo della licenza.<\/p>\n<p>Oltre a questo, ci occupiamo anche di un aspetto importante per gli artisti: la dichiarazione della musica suonata. Grazie al nostro strumento Setlist, gli artisti possono creare facilmente la lista dei brani eseguiti, pronta per essere inviata direttamente a SUISA. In questo modo, la gestione dei diritti musicali diventa ancora pi\u00f9 rapida e automatizzata.<\/p>\n<p>Quindi, se hai domande o vuoi semplificare l\u2019organizzazione musicale del tuo evento, siamo qui per darti una mano. Sappiamo che ogni dettaglio conta, e possiamo aiutarti a gestirlo in modo facile e senza stress.<\/p>\n\t\t\t\t\t\t\t\t<\/div>\n\t\t\t\t<\/div>\n\t\t\t\t\t<\/div>\n\t\t<\/div>\n\t\t\t\t\t<\/div>\n\t\t<\/section>\n\t\t<div class=\"elementor-element elementor-element-6e303ad e-flex e-con-boxed e-con e-parent\" data-id=\"6e303ad\" data-element_type=\"container\" data-e-type=\"container\">\n\t\t\t\t\t<div class=\"e-con-inner\">\n\t\t\t\t<div class=\"vamtam-has-theme-widget-styles elementor-element elementor-element-f5daf8e elementor-widget__width-initial elementor-widget-mobile__width-initial elementor-button-align-stretch vamtam-has-underline-anim elementor-widget elementor-widget-form\" data-id=\"f5daf8e\" data-element_type=\"widget\" data-e-type=\"widget\" data-settings=\"{&quot;step_next_label&quot;:&quot;Avanti&quot;,&quot;step_previous_label&quot;:&quot;Precedente&quot;,&quot;button_width&quot;:&quot;100&quot;,&quot;step_type&quot;:&quot;number_text&quot;,&quot;step_icon_shape&quot;:&quot;circle&quot;}\" data-widget_type=\"form.default\">\n\t\t\t\t<div class=\"elementor-widget-container\">\n\t\t\t\t\t\t\t<form class=\"elementor-form\" method=\"post\" name=\"New Form\">\n\t\t\t<input type=\"hidden\" name=\"post_id\" value=\"10353\"\/>\n\t\t\t<input type=\"hidden\" name=\"form_id\" value=\"f5daf8e\"\/>\n\t\t\t<input type=\"hidden\" name=\"referer_title\" value=\"Organizzi un evento - Setlist\" \/>\n\n\t\t\t\t\t\t\t<input type=\"hidden\" name=\"queried_id\" value=\"10353\"\/>\n\t\t\t\n\t\t\t<div class=\"elementor-form-fields-wrapper elementor-labels-above\">\n\t\t\t\t\t\t\t\t<div class=\"elementor-field-type-text elementor-field-group elementor-column elementor-field-group-name elementor-col-100 elementor-field-required elementor-mark-required\">\n\t\t\t\t\t\t\t\t\t\t\t\t<label for=\"form-field-name\" class=\"elementor-field-label\">\n\t\t\t\t\t\t\t\tNome\t\t\t\t\t\t\t<\/label>\n\t\t\t\t\t\t\t\t\t\t\t\t\t\t<input size=\"1\" type=\"text\" name=\"form_fields[name]\" id=\"form-field-name\" class=\"elementor-field elementor-size-sm  elementor-field-textual\" placeholder=\"Nome\" required=\"required\">\n\t\t\t\t\t\t\t\t\t\t\t<\/div>\n\t\t\t\t\t\t\t\t<div class=\"elementor-field-type-email elementor-field-group elementor-column elementor-field-group-email elementor-col-100 elementor-field-required elementor-mark-required\">\n\t\t\t\t\t\t\t\t\t\t\t\t<label for=\"form-field-email\" class=\"elementor-field-label\">\n\t\t\t\t\t\t\t\tEmail\t\t\t\t\t\t\t<\/label>\n\t\t\t\t\t\t\t\t\t\t\t\t\t\t<input size=\"1\" type=\"email\" name=\"form_fields[email]\" id=\"form-field-email\" class=\"elementor-field elementor-size-sm  elementor-field-textual\" placeholder=\"Email\" required=\"required\">\n\t\t\t\t\t\t\t\t\t\t\t<\/div>\n\t\t\t\t\t\t\t\t<div class=\"elementor-field-type-textarea elementor-field-group elementor-column elementor-field-group-message elementor-col-100 elementor-field-required elementor-mark-required\">\n\t\t\t\t\t\t\t\t\t\t\t\t<label for=\"form-field-message\" class=\"elementor-field-label\">\n\t\t\t\t\t\t\t\tMessaggio\t\t\t\t\t\t\t<\/label>\n\t\t\t\t\t\t<textarea class=\"elementor-field-textual elementor-field  elementor-size-sm\" name=\"form_fields[message]\" id=\"form-field-message\" rows=\"4\" placeholder=\"Quanti ospiti parteciperanno al vostro evento? La musica \u00e8 l&#039;attrazione principale o solo lo sfondo di un evento pi\u00f9 grande? Ci sar\u00e0 musica di sottofondo?\" required=\"required\"><\/textarea>\t\t\t\t<\/div>\n\t\t\t\t\t\t\t\t<div class=\"elementor-field-type-recaptcha_v3 elementor-field-group elementor-column elementor-field-group-field_9e14500 elementor-col-100 recaptcha_v3-bottomright\">\n\t\t\t\t\t<div class=\"elementor-field\" id=\"form-field-field_9e14500\"><div class=\"elementor-g-recaptcha\" data-sitekey=\"6LdIblAqAAAAAHa7ybDtDDqPSsQ8aLaPo7Dcx057\" data-type=\"v3\" data-action=\"Form\" data-badge=\"bottomright\" data-size=\"invisible\"><\/div><\/div>\t\t\t\t<\/div>\n\t\t\t\t\t\t\t\t<div class=\"elementor-field-group elementor-column elementor-field-type-submit elementor-col-100 e-form__buttons\">\n\t\t\t\t\t<button class=\"elementor-button elementor-size-sm\" type=\"submit\">\n\t\t\t\t\t\t<span class=\"elementor-button-content-wrapper\">\n\t\t\t\t\t\t\t\t\t\t\t\t\t\t\t\t\t\t\t\t\t\t<span class=\"elementor-button-text\">Invia<\/span>\n\t\t\t\t\t\t\t\t\t\t\t\t\t<\/span>\n\t\t\t\t\t<\/button>\n\t\t\t\t<\/div>\n\t\t\t<\/div>\n\t\t<\/form>\n\t\t\t\t\t\t<\/div>\n\t\t\t\t<\/div>\n\t\t\t\t\t<\/div>\n\t\t\t\t<\/div>\n\t\t\t\t<\/div>\n\t\t","protected":false},"excerpt":{"rendered":"<p>Organizzi un evento? Non dimenticare la licenza SUISA per la musica dal vivo! Quando organizzi un evento che include musica dal vivo o di sottofondo, c\u2019\u00e8 un aspetto da non dimenticare: la licenza SUISA. La licenza \u00e8 necessaria per garantire l\u2019uso legale della musica e pu\u00f2 sembrare una cosa in pi\u00f9 da gestire, ma siamo&#8230;<\/p>\n","protected":false},"author":2,"featured_media":0,"parent":0,"menu_order":0,"comment_status":"closed","ping_status":"closed","template":"","meta":{"footnotes":""},"class_list":["post-10353","page","type-page","status-publish","hentry"],"_links":{"self":[{"href":"https:\/\/setlist.ch\/it\/wp-json\/wp\/v2\/pages\/10353","targetHints":{"allow":["GET"]}}],"collection":[{"href":"https:\/\/setlist.ch\/it\/wp-json\/wp\/v2\/pages"}],"about":[{"href":"https:\/\/setlist.ch\/it\/wp-json\/wp\/v2\/types\/page"}],"author":[{"embeddable":true,"href":"https:\/\/setlist.ch\/it\/wp-json\/wp\/v2\/users\/2"}],"replies":[{"embeddable":true,"href":"https:\/\/setlist.ch\/it\/wp-json\/wp\/v2\/comments?post=10353"}],"version-history":[{"count":5,"href":"https:\/\/setlist.ch\/it\/wp-json\/wp\/v2\/pages\/10353\/revisions"}],"predecessor-version":[{"id":10410,"href":"https:\/\/setlist.ch\/it\/wp-json\/wp\/v2\/pages\/10353\/revisions\/10410"}],"wp:attachment":[{"href":"https:\/\/setlist.ch\/it\/wp-json\/wp\/v2\/media?parent=10353"}],"curies":[{"name":"wp","href":"https:\/\/api.w.org\/{rel}","templated":true}]}}