{"id":1454,"date":"2023-05-12T11:41:16","date_gmt":"2023-05-12T11:41:16","guid":{"rendered":"https:\/\/numerique.vamtam.com\/?page_id=1454"},"modified":"2024-09-17T09:06:51","modified_gmt":"2024-09-17T09:06:51","slug":"termini-e-condizioni","status":"publish","type":"page","link":"https:\/\/setlist.ch\/it\/termini-e-condizioni\/","title":{"rendered":"Termini e condizioni"},"content":{"rendered":"\t\t<div data-elementor-type=\"wp-page\" data-elementor-id=\"1454\" class=\"elementor elementor-1454\" data-elementor-post-type=\"page\">\n\t\t\t\t\t\t<section class=\"elementor-section elementor-top-section elementor-element elementor-element-5e97f6d elementor-section-boxed elementor-section-height-default elementor-section-height-default\" data-id=\"5e97f6d\" data-element_type=\"section\" data-e-type=\"section\">\n\t\t\t\t\t\t<div class=\"elementor-container elementor-column-gap-no\">\n\t\t\t\t\t<div class=\"elementor-column elementor-col-100 elementor-top-column elementor-element elementor-element-41d4428\" data-id=\"41d4428\" data-element_type=\"column\" data-e-type=\"column\">\n\t\t\t<div class=\"elementor-widget-wrap elementor-element-populated\">\n\t\t\t\t\t\t<div class=\"elementor-element elementor-element-7998210 elementor-invisible elementor-widget elementor-widget-heading\" data-id=\"7998210\" data-element_type=\"widget\" data-e-type=\"widget\" data-settings=\"{&quot;_animation&quot;:&quot;fadeIn&quot;,&quot;_animation_tablet&quot;:&quot;none&quot;,&quot;_animation_delay&quot;:300}\" data-widget_type=\"heading.default\">\n\t\t\t\t<div class=\"elementor-widget-container\">\n\t\t\t\t\t<h2 class=\"elementor-heading-title elementor-size-default\">Termini e Condizioni<span style=\"color: var( --e-global-color-vamtam_accent_6 );font-family: var( --e-global-typography-vamtam_h1-font-family ), Sans-serif;font-size: var( --e-global-typography-vamtam_h1-font-size );font-style: var( --e-global-typography-vamtam_h1-font-style );font-weight: var( --e-global-typography-vamtam_h1-font-weight );letter-spacing: var( --e-global-typography-vamtam_h1-letter-spacing );text-transform: var( --e-global-typography-vamtam_h1-text-transform )\"><\/span><\/h2>\t\t\t\t<\/div>\n\t\t\t\t<\/div>\n\t\t\t\t<div class=\"elementor-element elementor-element-5b2ce1c elementor-widget__width-initial elementor-widget-mobile__width-inherit elementor-widget-tablet__width-inherit elementor-widget elementor-widget-text-editor\" data-id=\"5b2ce1c\" data-element_type=\"widget\" data-e-type=\"widget\" data-widget_type=\"text-editor.default\">\n\t\t\t\t<div class=\"elementor-widget-container\">\n\t\t\t\t\t\t\t\t\t<p>Ultimo aggiornamento: 11.09.2024<\/p>\t\t\t\t\t\t\t\t<\/div>\n\t\t\t\t<\/div>\n\t\t\t\t\t<\/div>\n\t\t<\/div>\n\t\t\t\t\t<\/div>\n\t\t<\/section>\n\t\t\t\t<section class=\"elementor-section elementor-top-section elementor-element elementor-element-25329c8 elementor-section-boxed elementor-section-height-default elementor-section-height-default\" data-id=\"25329c8\" data-element_type=\"section\" data-e-type=\"section\">\n\t\t\t\t\t\t<div class=\"elementor-container elementor-column-gap-no\">\n\t\t\t\t\t<div class=\"elementor-column elementor-col-100 elementor-top-column elementor-element elementor-element-2e6d164\" data-id=\"2e6d164\" data-element_type=\"column\" data-e-type=\"column\">\n\t\t\t<div class=\"elementor-widget-wrap elementor-element-populated\">\n\t\t\t\t\t\t<div class=\"elementor-element elementor-element-275b00b elementor-widget elementor-widget-text-editor\" data-id=\"275b00b\" data-element_type=\"widget\" data-e-type=\"widget\" data-widget_type=\"text-editor.default\">\n\t\t\t\t<div class=\"elementor-widget-container\">\n\t\t\t\t\t\t\t\t\t<p>Benvenuti su Setlist.ch. Utilizzando la nostra applicazione web (l'&#8221;App&#8221;) disponibile su https:\/\/app.setlist.ch\/, accettate di rispettare e di essere vincolati dai seguenti termini e condizioni (i &#8220;Termini&#8221;). Vi preghiamo di leggere attentamente questi Termini prima di utilizzare l&#8217;App. Se non siete d&#8217;accordo con questi Termini, non dovete utilizzare l&#8217;App.<\/p><h4>1. Accettazione dei Termini<\/h4><p>Accedendo o utilizzando l&#8217;App, accettate di essere vincolati da questi Termini e dalla nostra Politica sulla Privacy, che \u00e8 incorporata per riferimento. Se non siete d&#8217;accordo con questi Termini o con la nostra Politica sulla Privacy, dovete interrompere immediatamente l&#8217;uso dell&#8217;App.<\/p><h4>2. Modifiche ai Termini<\/h4><p>Ci riserviamo il diritto di modificare questi Termini in qualsiasi momento. Le modifiche saranno efficaci quando pubblicate all&#8217;interno dell&#8217;App o sul nostro sito web ufficiale. Il vostro continuo utilizzo dell&#8217;App dopo la pubblicazione delle modifiche costituisce la vostra accettazione di tali modifiche.<\/p><h4>3. Utilizzo dell&#8217;App<\/h4><p>Accettate di utilizzare l&#8217;App solo per scopi leciti e in conformit\u00e0 con questi Termini. Accettate di non utilizzare l&#8217;App:<br \/>&#8211; In qualsiasi modo che violi qualsiasi legge o regolamento locale, nazionale o internazionale applicabile.<br \/>&#8211; Allo scopo di sfruttare, danneggiare o tentare di sfruttare o danneggiare minori in qualsiasi modo.<br \/>&#8211; Per trasmettere o caricare qualsiasi materiale che non rispetti i nostri standard di contenuto.<br \/>&#8211; Per inviare pubblicit\u00e0 non sollecitata o non autorizzata, materiali promozionali, spam o qualsiasi altra forma di sollecitazione.<br \/>&#8211; Per impersonare o tentare di impersonare Setlist.ch, un dipendente di Setlist.ch, un altro utente o qualsiasi altra persona o entit\u00e0.<\/p><h4>4. Contenuto dell&#8217;Utente<\/h4><p>Mantenete la propriet\u00e0 di qualsiasi contenuto che inviate o pubblicate all&#8217;interno dell&#8217;App. Tuttavia, inviando o pubblicando contenuti, concedete a Setlist.ch una licenza non esclusiva, esente da royalty, perpetua e mondiale per utilizzare, riprodurre, modificare, pubblicare, distribuire e visualizzare tali contenuti in relazione all&#8217;App e alle sue operazioni.<\/p><h4>5. Propriet\u00e0 Intellettuale<\/h4><p>Tutti i contenuti, le caratteristiche e le funzionalit\u00e0 all&#8217;interno dell&#8217;App, inclusi ma non limitati a testo, grafica, loghi, immagini e software, sono di propriet\u00e0 esclusiva di Setlist.ch o dei suoi licenziatari e sono protetti da copyright, marchi e altre leggi sulla propriet\u00e0 intellettuale.<\/p><h4>6. Esclusioni di Responsabilit\u00e0<\/h4><p>L&#8217;App \u00e8 fornita &#8220;cos\u00ec com&#8217;\u00e8&#8221; e &#8220;come disponibile&#8221; senza garanzie di alcun tipo, esplicite o implicite. Decliniamo tutte le garanzie, incluse ma non limitate alle garanzie implicite di commerciabilit\u00e0 e idoneit\u00e0 per uno scopo particolare.<\/p><h4>7. Limitazione di Responsabilit\u00e0<\/h4><p>Nella misura massima consentita dalla legge, Setlist.ch non sar\u00e0 responsabile per danni diretti, indiretti, incidentali, speciali, consequenziali o punitivi, inclusi ma non limitati a perdita di profitti, dati o altre perdite intangibili, derivanti da o relativi al vostro utilizzo dell&#8217;App.<\/p><h4>8. Collegamenti a Servizi di Terze Parti<\/h4><p>L&#8217;App pu\u00f2 contenere collegamenti a servizi o siti web di terze parti che non sono di propriet\u00e0 o controllati da Setlist.ch. Non siamo responsabili per il contenuto o le pratiche di alcun servizio di terze parti. Accedete ai servizi di terze parti a vostro rischio.<\/p><h4>9. Terminazione<\/h4><p>Ci riserviamo il diritto di terminare o sospendere il vostro accesso all&#8217;App, senza preavviso o responsabilit\u00e0, per qualsiasi motivo, incluso se violate questi Termini.<\/p><h4>10. Legge Applicabile<\/h4><p>Questi Termini e il vostro utilizzo dell&#8217;App saranno regolati e interpretati in conformit\u00e0 con le leggi della Svizzera, senza riguardo ai suoi principi di conflitto di leggi. L&#8217;unico foro competente \u00e8 Lugano.<\/p><h4>11. Contattateci<\/h4><p>Se avete domande su questi Termini, vi preghiamo di contattarci a:<br \/>Email: info@setlist.ch<\/p><h4>12. Varie<\/h4><p>Accordo Completo: Questi Termini costituiscono l&#8217;intero accordo tra voi e Setlist.ch riguardo al vostro utilizzo dell&#8217;App.<br \/>Separabilit\u00e0: Se una qualsiasi disposizione di questi Termini \u00e8 ritenuta non valida o inapplicabile, le restanti disposizioni rimarranno pienamente in vigore ed efficaci.<br \/>Rinuncia: La nostra mancata applicazione di qualsiasi diritto o disposizione di questi Termini non sar\u00e0 considerata una rinuncia a tale diritto o disposizione.<\/p><p>Grazie per utilizzare Setlist.ch!<\/p>\t\t\t\t\t\t\t\t<\/div>\n\t\t\t\t<\/div>\n\t\t\t\t\t<\/div>\n\t\t<\/div>\n\t\t\t\t\t<\/div>\n\t\t<\/section>\n\t\t\t\t<\/div>\n\t\t","protected":false},"excerpt":{"rendered":"<p>Termini e Condizioni Ultimo aggiornamento: 11.09.2024 Benvenuti su Setlist.ch. Utilizzando la nostra applicazione web (l&#8217;&#8221;App&#8221;) disponibile su https:\/\/app.setlist.ch\/, accettate di rispettare e di essere vincolati dai seguenti termini e condizioni (i &#8220;Termini&#8221;). Vi preghiamo di leggere attentamente questi Termini prima di utilizzare l&#8217;App. Se non siete d&#8217;accordo con questi Termini, non dovete utilizzare l&#8217;App. 1&#8230;.<\/p>\n","protected":false},"author":1,"featured_media":0,"parent":0,"menu_order":0,"comment_status":"closed","ping_status":"closed","template":"","meta":{"footnotes":""},"class_list":["post-1454","page","type-page","status-publish","hentry"],"_links":{"self":[{"href":"https:\/\/setlist.ch\/it\/wp-json\/wp\/v2\/pages\/1454","targetHints":{"allow":["GET"]}}],"collection":[{"href":"https:\/\/setlist.ch\/it\/wp-json\/wp\/v2\/pages"}],"about":[{"href":"https:\/\/setlist.ch\/it\/wp-json\/wp\/v2\/types\/page"}],"author":[{"embeddable":true,"href":"https:\/\/setlist.ch\/it\/wp-json\/wp\/v2\/users\/1"}],"replies":[{"embeddable":true,"href":"https:\/\/setlist.ch\/it\/wp-json\/wp\/v2\/comments?post=1454"}],"version-history":[{"count":7,"href":"https:\/\/setlist.ch\/it\/wp-json\/wp\/v2\/pages\/1454\/revisions"}],"predecessor-version":[{"id":9809,"href":"https:\/\/setlist.ch\/it\/wp-json\/wp\/v2\/pages\/1454\/revisions\/9809"}],"wp:attachment":[{"href":"https:\/\/setlist.ch\/it\/wp-json\/wp\/v2\/media?parent=1454"}],"curies":[{"name":"wp","href":"https:\/\/api.w.org\/{rel}","templated":true}]}}